{"id":26,"date":"2018-03-20T20:51:45","date_gmt":"2018-03-20T20:51:45","guid":{"rendered":"http:\/\/is-obrigheim.de\/?page_id=26"},"modified":"2023-12-05T17:33:29","modified_gmt":"2023-12-05T17:33:29","slug":"impressum","status":"publish","type":"page","link":"https:\/\/is-obrigheim.de\/?page_id=26","title":{"rendered":"Impressum"},"content":{"rendered":"<div id=\"main_content\">\n<div class=\"articles\">\n<div class=\"one-post\">\n<div class=\"post-body\">\n<p><strong>ideenSchmiede Obrigheim e.V.<\/strong><\/p>\n<p>Vereinsvorstand:<\/p>\n<p>Jochen Krieger<br \/>\nFriedhofstrasse 3<br \/>\n74847 Obrigheim<\/p>\n<p>E-Mail: <a href=\"mailto:Jochen.Krieger@iS-Obrigheim.de\">Jochen.Krieger@iS-Obrigheim.de<\/a><\/p>\n<p>Dirck Sowada<br \/>\nBahnhofstrasse 12<br \/>\n74906 Bad Rappenau<\/p>\n<p>E-Mail: <a href=\"mailto:DIrck.Sowada@iS-Obrigheim.de\">Dirck.Sowada@iS-Obrigheim.de<\/a><\/p>\n<p>&nbsp;<\/p>\n<p>Die ideenSchmiede Obrigheim e.V. ist als gemeinn\u00fctziger Verein eingetragen.<\/p>\n<h4>Bankverbindungen bei der Volksbank Obrigheim<\/h4>\n<p>Kontoinhaber: ideenSchmiede Obrigheim e.V.<br \/>\nIBAN\u00a0 DE87 6739 0000 0030 4753 05<br \/>\nBIC\u00a0\u00a0\u00a0 GENODE61WTH<\/p>\n<p>&nbsp;<\/p>\n<h4>Haftungsausschluss<\/h4>\n<p>Die ideenSchmiede Obrigheim haftet nur f\u00fcr die auf den eigenen Seiten (www.is-obgrigheim.de) dargestellten Inhalte. F\u00fcr Inhalte von Seiten, die durch einen Link auf Seiten der ideenSchmiede Obrigheim oder durch eine technische Fehlfunktion oder durch vors\u00e4tzliche Manipulation Dritter oder durch fahrl\u00e4ssige, grobfahrl\u00e4ssige oder vors\u00e4tzliche Fehlleitung Dritter erreicht werden, \u00fcbernimmt die ideenSchmiede Obrigheim e.V. keine Haftung.<\/p>\n<\/div>\n<\/div>\n<\/div>\n<\/div>\n","protected":false},"excerpt":{"rendered":"<p>ideenSchmiede Obrigheim e.V. Vereinsvorstand: Jochen Krieger Friedhofstrasse 3 74847 Obrigheim E-Mail: Jochen.Krieger@iS-Obrigheim.de Dirck Sowada Bahnhofstrasse 12 74906 Bad Rappenau E-Mail: Dirck.Sowada@iS-Obrigheim.de &nbsp; Die ideenSchmiede Obrigheim e.V. ist als gemeinn\u00fctziger Verein eingetragen. Bankverbindungen bei der Volksbank Obrigheim Kontoinhaber: ideenSchmiede Obrigheim e.V. IBAN\u00a0 DE87 6739 0000 0030 4753 05 BIC\u00a0\u00a0\u00a0 GENODE61WTH &nbsp; Haftungsausschluss Die ideenSchmiede Obrigheim haftet [&hellip;]<\/p>\n","protected":false},"author":1,"featured_media":0,"parent":0,"menu_order":0,"comment_status":"closed","ping_status":"closed","template":"","meta":[],"_links":{"self":[{"href":"https:\/\/is-obrigheim.de\/index.php?rest_route=\/wp\/v2\/pages\/26"}],"collection":[{"href":"https:\/\/is-obrigheim.de\/index.php?rest_route=\/wp\/v2\/pages"}],"about":[{"href":"https:\/\/is-obrigheim.de\/index.php?rest_route=\/wp\/v2\/types\/page"}],"author":[{"embeddable":true,"href":"https:\/\/is-obrigheim.de\/index.php?rest_route=\/wp\/v2\/users\/1"}],"replies":[{"embeddable":true,"href":"https:\/\/is-obrigheim.de\/index.php?rest_route=%2Fwp%2Fv2%2Fcomments&post=26"}],"version-history":[{"count":7,"href":"https:\/\/is-obrigheim.de\/index.php?rest_route=\/wp\/v2\/pages\/26\/revisions"}],"predecessor-version":[{"id":904,"href":"https:\/\/is-obrigheim.de\/index.php?rest_route=\/wp\/v2\/pages\/26\/revisions\/904"}],"wp:attachment":[{"href":"https:\/\/is-obrigheim.de\/index.php?rest_route=%2Fwp%2Fv2%2Fmedia&parent=26"}],"curies":[{"name":"wp","href":"https:\/\/api.w.org\/{rel}","templated":true}]}}