{"id":33,"date":"2018-03-20T22:35:18","date_gmt":"2018-03-20T22:35:18","guid":{"rendered":"http:\/\/is-obrigheim.de\/?page_id=33"},"modified":"2020-07-25T17:44:07","modified_gmt":"2020-07-25T17:44:07","slug":"das-recht-am-eigenen-bild","status":"publish","type":"page","link":"https:\/\/is-obrigheim.de\/?page_id=33","title":{"rendered":"Das Recht am eigenen Bild"},"content":{"rendered":"<div class=\"post-body\">\n<p>Wenn wir hier im Blog publizieren, gelten f\u00fcr das Fotografieren von ideenSchmieden und G\u00e4sten unseres Vereins die gleichen Regeln wie in den traditionellen Medien.<\/p>\n<p>Das heisst, das Recht am eigenen Bild kommt zum Tragen. Deshalb muss eine abgebildete Person grunds\u00e4tzlich der Ver\u00f6ffentlichung ihres Bilds zustimmen. Wir sind darum verpflichtet, \u00fcber den Verwendungszweck zu informieren und eine Erlaubnis einzuholen.<\/p>\n<p>Das gilt, sofern die Person auf dem Bild erkennbar ist. Wendet sich jemand von der Kamera ab oder ist weit entfernt, gilt sie f\u00fcr die Abbildung in den meisten F\u00e4llen als unkenntlich.<\/p>\n<h4>In eigener Sache \u2026<\/h4>\n<p>Dieser Vereins-Blog wird von Mitgliedern f\u00fcr den Verein ideenSchmiede Obrigheim e.V. aufgebaut. Neben vielen Fotos der Vereinsaktivit\u00e4ten sind f\u00fcr uns auch Fotos von den gemeinsamen Festen und Feiern wichtige und erw\u00e4hnenswerte Ereignisse rund um das Vereinsleben. Fotos von Menschen und G\u00e4sten unseres Vereins sind daher wichtiger Bestandteil dieses Verein Blogs. Wir bitten daher die Vereinsmitglieder nicht so streng auf die ver\u00f6ffentlichten Fotos zu schauen. Wir hingegen geben das versprechen ab, keinerlei Fotos zu ver\u00f6ffentlichen die Vereinsmitglieder diskreditieren, unvorteilhaft darstellen oder offensichtlich unvorteilhaft sind.<\/p>\n<h4>dennoch \u2026<\/h4>\n<p>Trotz sorgf\u00e4ltig ausgew\u00e4hlter Fotos kann es immer passieren, das jemand mit der Ver\u00f6ffentlichung eines Fotos nicht einverstanden ist. Wenn dieses der Fall ist, bitten wir die Person direkt auf uns zuzukommen, damit wir das Foto entfernen oder in Absprache durch ein anderes ersetzen k\u00f6nnen. Bitte kommt auf uns zu, wenn wir mal nicht die rechte Auswahl getroffen haben sollten, denn das Recht am eigenen Bild bleibt unwiderruflich bei Euch.<\/p>\n<\/div>\n","protected":false},"excerpt":{"rendered":"<p>Wenn wir hier im Blog publizieren, gelten f\u00fcr das Fotografieren von ideenSchmieden und G\u00e4sten unseres Vereins die gleichen Regeln wie in den traditionellen Medien. Das heisst, das Recht am eigenen Bild kommt zum Tragen. Deshalb muss eine abgebildete Person grunds\u00e4tzlich der Ver\u00f6ffentlichung ihres Bilds zustimmen. Wir sind darum verpflichtet, \u00fcber den Verwendungszweck zu informieren und [&hellip;]<\/p>\n","protected":false},"author":1,"featured_media":0,"parent":225,"menu_order":0,"comment_status":"closed","ping_status":"closed","template":"","meta":[],"_links":{"self":[{"href":"https:\/\/is-obrigheim.de\/index.php?rest_route=\/wp\/v2\/pages\/33"}],"collection":[{"href":"https:\/\/is-obrigheim.de\/index.php?rest_route=\/wp\/v2\/pages"}],"about":[{"href":"https:\/\/is-obrigheim.de\/index.php?rest_route=\/wp\/v2\/types\/page"}],"author":[{"embeddable":true,"href":"https:\/\/is-obrigheim.de\/index.php?rest_route=\/wp\/v2\/users\/1"}],"replies":[{"embeddable":true,"href":"https:\/\/is-obrigheim.de\/index.php?rest_route=%2Fwp%2Fv2%2Fcomments&post=33"}],"version-history":[{"count":2,"href":"https:\/\/is-obrigheim.de\/index.php?rest_route=\/wp\/v2\/pages\/33\/revisions"}],"predecessor-version":[{"id":222,"href":"https:\/\/is-obrigheim.de\/index.php?rest_route=\/wp\/v2\/pages\/33\/revisions\/222"}],"up":[{"embeddable":true,"href":"https:\/\/is-obrigheim.de\/index.php?rest_route=\/wp\/v2\/pages\/225"}],"wp:attachment":[{"href":"https:\/\/is-obrigheim.de\/index.php?rest_route=%2Fwp%2Fv2%2Fmedia&parent=33"}],"curies":[{"name":"wp","href":"https:\/\/api.w.org\/{rel}","templated":true}]}}